{"id":337,"date":"2025-10-20T03:18:15","date_gmt":"2025-10-20T03:18:15","guid":{"rendered":"https:\/\/karyverse.com\/?page_id=337"},"modified":"2025-10-20T03:19:33","modified_gmt":"2025-10-20T03:19:33","slug":"beneficios","status":"publish","type":"page","link":"https:\/\/karyverse.com\/index.php\/beneficios\/","title":{"rendered":"BENEFICIOS:"},"content":{"rendered":"\t\t<div data-elementor-type=\"wp-page\" data-elementor-id=\"337\" class=\"elementor elementor-337\">\n\t\t\t\t<div class=\"elementor-element elementor-element-b320ebd e-flex e-con-boxed wpr-particle-no wpr-jarallax-no wpr-parallax-no wpr-sticky-section-no e-con e-parent\" data-id=\"b320ebd\" data-element_type=\"container\">\n\t\t\t\t\t<div class=\"e-con-inner\">\n\t\t\t\t<div class=\"elementor-element elementor-element-9cb6d81 jltma-glass-effect-no elementor-widget elementor-widget-heading\" data-id=\"9cb6d81\" data-element_type=\"widget\" data-widget_type=\"heading.default\">\n\t\t\t\t<div class=\"elementor-widget-container\">\n\t\t\t\t\t<h2 class=\"elementor-heading-title elementor-size-default\">BENEFICIOS:<\/h2>\t\t\t\t<\/div>\n\t\t\t\t<\/div>\n\t\t\t\t<div class=\"elementor-element elementor-element-0b9f9f8 jltma-glass-effect-no elementor-widget elementor-widget-text-editor\" data-id=\"0b9f9f8\" data-element_type=\"widget\" data-widget_type=\"text-editor.default\">\n\t\t\t\t<div class=\"elementor-widget-container\">\n\t\t\t\t\t\t\t\t\t<p>\u2022 Para personas f\u00edsicas con actividad empresarial y para personas morales (No aplica a personas f\u00edsicas asalariadas).<\/p><p>\u2022 Sin gastos de ratificaci\u00f3n.<\/p><p>\u2022 El cliente tiene la opci\u00f3n de renovar su veh\u00edculo, ya que al estar rent\u00e1ndolo, contar\u00e1 siempre con un veh\u00edculo nuevo.<\/p><p>\u2022 Al tener un veh\u00edculo nuevo disminuye los gastos de mantenimiento.<\/p><p>\u2022 No genera activos ni pasivos en su empresa, las rentas se consideran como gasto.<\/p><p>\u2022 Al finalizar el contrato, el cliente tiene la opci\u00f3n de adquirir el veh\u00edculo como seminuevo, por un valor generalmente inferior al de mercado.<\/p><p>\u2022 No necesita pagar enganche para disfrutar del veh\u00edculo.<\/p>\t\t\t\t\t\t\t\t<\/div>\n\t\t\t\t<\/div>\n\t\t\t\t\t<\/div>\n\t\t\t\t<\/div>\n\t\t\t\t<\/div>\n\t\t","protected":false},"excerpt":{"rendered":"<p>BENEFICIOS: \u2022 Para personas f\u00edsicas con actividad empresarial y para personas morales (No aplica a personas f\u00edsicas asalariadas). \u2022 Sin gastos de ratificaci\u00f3n. \u2022 El cliente tiene la opci\u00f3n de renovar su veh\u00edculo, ya que al estar rent\u00e1ndolo, contar\u00e1 siempre con un veh\u00edculo nuevo. \u2022 Al tener un veh\u00edculo nuevo disminuye los gastos de mantenimiento. \u2022 No genera activos ni pasivos en su empresa, las rentas se consideran como gasto. \u2022 Al finalizar el contrato, el cliente tiene la opci\u00f3n de adquirir el veh\u00edculo como seminuevo, por un valor generalmente inferior al de mercado. \u2022 No necesita pagar enganche para disfrutar del veh\u00edculo.<\/p>\n","protected":false},"author":1,"featured_media":0,"parent":0,"menu_order":0,"comment_status":"closed","ping_status":"closed","template":"","meta":{"footnotes":""},"class_list":["post-337","page","type-page","status-publish","hentry"],"_links":{"self":[{"href":"https:\/\/karyverse.com\/index.php\/wp-json\/wp\/v2\/pages\/337","targetHints":{"allow":["GET"]}}],"collection":[{"href":"https:\/\/karyverse.com\/index.php\/wp-json\/wp\/v2\/pages"}],"about":[{"href":"https:\/\/karyverse.com\/index.php\/wp-json\/wp\/v2\/types\/page"}],"author":[{"embeddable":true,"href":"https:\/\/karyverse.com\/index.php\/wp-json\/wp\/v2\/users\/1"}],"replies":[{"embeddable":true,"href":"https:\/\/karyverse.com\/index.php\/wp-json\/wp\/v2\/comments?post=337"}],"version-history":[{"count":4,"href":"https:\/\/karyverse.com\/index.php\/wp-json\/wp\/v2\/pages\/337\/revisions"}],"predecessor-version":[{"id":341,"href":"https:\/\/karyverse.com\/index.php\/wp-json\/wp\/v2\/pages\/337\/revisions\/341"}],"wp:attachment":[{"href":"https:\/\/karyverse.com\/index.php\/wp-json\/wp\/v2\/media?parent=337"}],"curies":[{"name":"wp","href":"https:\/\/api.w.org\/{rel}","templated":true}]}}