{"id":348,"date":"2025-10-20T03:21:48","date_gmt":"2025-10-20T03:21:48","guid":{"rendered":"https:\/\/karyverse.com\/?page_id=348"},"modified":"2025-10-20T03:22:45","modified_gmt":"2025-10-20T03:22:45","slug":"comisiones","status":"publish","type":"page","link":"https:\/\/karyverse.com\/index.php\/comisiones\/","title":{"rendered":"COMISIONES"},"content":{"rendered":"\t\t<div data-elementor-type=\"wp-page\" data-elementor-id=\"348\" class=\"elementor elementor-348\">\n\t\t\t\t<div class=\"elementor-element elementor-element-947eff7 e-flex e-con-boxed wpr-particle-no wpr-jarallax-no wpr-parallax-no wpr-sticky-section-no e-con e-parent\" data-id=\"947eff7\" data-element_type=\"container\">\n\t\t\t\t\t<div class=\"e-con-inner\">\n\t\t\t\t<div class=\"elementor-element elementor-element-7e4587f jltma-glass-effect-no elementor-widget elementor-widget-heading\" data-id=\"7e4587f\" data-element_type=\"widget\" data-widget_type=\"heading.default\">\n\t\t\t\t<div class=\"elementor-widget-container\">\n\t\t\t\t\t<h2 class=\"elementor-heading-title elementor-size-default\">COMISIONES:<\/h2>\t\t\t\t<\/div>\n\t\t\t\t<\/div>\n\t\t\t\t<div class=\"elementor-element elementor-element-fb7c8d2 jltma-glass-effect-no elementor-widget elementor-widget-text-editor\" data-id=\"fb7c8d2\" data-element_type=\"widget\" data-widget_type=\"text-editor.default\">\n\t\t\t\t<div class=\"elementor-widget-container\">\n\t\t\t\t\t\t\t\t\t<div id=\"TBSeccion1\"><p>Importe que paga el cliente, al formalizar un pr\u00e9stamo por los gastos que supone su apertura (gesti\u00f3n y tr\u00e1mite del pr\u00e9stamo, as\u00ed como por los estudios previos y preparativos de la operaci\u00f3n). Suele ser un pago \u00fanico y corresponde a un porcentaje sobre el monto a financiar.<\/p><\/div><div id=\"TBSeccio2\"><table class=\"TLinealData\" border=\"0\" width=\"600\" cellspacing=\"0\" cellpadding=\"5\" align=\"center\"><tbody><tr><th align=\"left\" valign=\"middle\" width=\"90\">Concepto:<\/th><td align=\"left\" valign=\"middle\" width=\"90\">\u00a0<\/td><th align=\"left\" valign=\"middle\" width=\"90\">Monto (M.N.)<\/th><td align=\"left\" valign=\"middle\" width=\"90\">\u00a0<\/td><\/tr><tr><th align=\"left\" valign=\"middle\" width=\"90\">Contrataci\u00f3n \u2013 Cr\u00e9dito<\/th><td align=\"left\" valign=\"middle\" width=\"90\">\u00a0<\/td><th align=\"left\" valign=\"middle\" width=\"90\">$ 0.00<\/th><td align=\"left\" valign=\"middle\" width=\"90\">\u00a0<\/td><\/tr><tr><th align=\"left\" valign=\"middle\" width=\"90\">Gastos de ratificaci\u00f3n<\/th><td align=\"left\" valign=\"middle\" width=\"90\">\u00a0<\/td><th align=\"left\" valign=\"middle\" width=\"90\">$ 0.00.<\/th><td align=\"left\" valign=\"middle\" width=\"90\">\u00a0<\/td><\/tr><tr><th align=\"left\" valign=\"middle\" width=\"90\">Kilometraje excedido<\/th><td align=\"left\" valign=\"middle\" width=\"90\">\u00a0<\/td><th align=\"left\" valign=\"middle\" width=\"90\">$ 3.00 Por kilometro excedido*<\/th><td align=\"left\" valign=\"middle\" width=\"90\">\u00a0<\/td><\/tr><\/tbody><\/table><p>*Montos se cobran m\u00e1s el correspondiente Impuesto al Valor Agregado.<\/p><\/div>\t\t\t\t\t\t\t\t<\/div>\n\t\t\t\t<\/div>\n\t\t\t\t\t<\/div>\n\t\t\t\t<\/div>\n\t\t\t\t<\/div>\n\t\t","protected":false},"excerpt":{"rendered":"<p>COMISIONES: Importe que paga el cliente, al formalizar un pr\u00e9stamo por los gastos que supone su apertura (gesti\u00f3n y tr\u00e1mite del pr\u00e9stamo, as\u00ed como por los estudios previos y preparativos de la operaci\u00f3n). Suele ser un pago \u00fanico y corresponde a un porcentaje sobre el monto a financiar. Concepto: \u00a0 Monto (M.N.) \u00a0 Contrataci\u00f3n \u2013 Cr\u00e9dito \u00a0 $ 0.00 \u00a0 Gastos de ratificaci\u00f3n \u00a0 $ 0.00. \u00a0 Kilometraje excedido \u00a0 $ 3.00 Por kilometro excedido* \u00a0 *Montos se cobran m\u00e1s el correspondiente Impuesto al Valor Agregado.<\/p>\n","protected":false},"author":1,"featured_media":0,"parent":0,"menu_order":0,"comment_status":"closed","ping_status":"closed","template":"","meta":{"footnotes":""},"class_list":["post-348","page","type-page","status-publish","hentry"],"_links":{"self":[{"href":"https:\/\/karyverse.com\/index.php\/wp-json\/wp\/v2\/pages\/348","targetHints":{"allow":["GET"]}}],"collection":[{"href":"https:\/\/karyverse.com\/index.php\/wp-json\/wp\/v2\/pages"}],"about":[{"href":"https:\/\/karyverse.com\/index.php\/wp-json\/wp\/v2\/types\/page"}],"author":[{"embeddable":true,"href":"https:\/\/karyverse.com\/index.php\/wp-json\/wp\/v2\/users\/1"}],"replies":[{"embeddable":true,"href":"https:\/\/karyverse.com\/index.php\/wp-json\/wp\/v2\/comments?post=348"}],"version-history":[{"count":4,"href":"https:\/\/karyverse.com\/index.php\/wp-json\/wp\/v2\/pages\/348\/revisions"}],"predecessor-version":[{"id":352,"href":"https:\/\/karyverse.com\/index.php\/wp-json\/wp\/v2\/pages\/348\/revisions\/352"}],"wp:attachment":[{"href":"https:\/\/karyverse.com\/index.php\/wp-json\/wp\/v2\/media?parent=348"}],"curies":[{"name":"wp","href":"https:\/\/api.w.org\/{rel}","templated":true}]}}