{"id":353,"date":"2025-10-20T03:23:13","date_gmt":"2025-10-20T03:23:13","guid":{"rendered":"https:\/\/karyverse.com\/?page_id=353"},"modified":"2025-10-20T03:25:44","modified_gmt":"2025-10-20T03:25:44","slug":"requisitos","status":"publish","type":"page","link":"https:\/\/karyverse.com\/index.php\/requisitos\/","title":{"rendered":"REQUISITOS"},"content":{"rendered":"\t\t<div data-elementor-type=\"wp-page\" data-elementor-id=\"353\" class=\"elementor elementor-353\">\n\t\t\t\t<div class=\"elementor-element elementor-element-f8e7289 e-flex e-con-boxed wpr-particle-no wpr-jarallax-no wpr-parallax-no wpr-sticky-section-no e-con e-parent\" data-id=\"f8e7289\" data-element_type=\"container\">\n\t\t\t\t\t<div class=\"e-con-inner\">\n\t\t\t\t<div class=\"elementor-element elementor-element-7fed505 jltma-glass-effect-no elementor-widget elementor-widget-heading\" data-id=\"7fed505\" data-element_type=\"widget\" data-widget_type=\"heading.default\">\n\t\t\t\t<div class=\"elementor-widget-container\">\n\t\t\t\t\t<h2 class=\"elementor-heading-title elementor-size-default\">REQUISITOS:<\/h2>\t\t\t\t<\/div>\n\t\t\t\t<\/div>\n\t\t\t\t<div class=\"elementor-element elementor-element-20eab0b jltma-glass-effect-no elementor-widget elementor-widget-n-accordion\" data-id=\"20eab0b\" data-element_type=\"widget\" data-settings=\"{&quot;default_state&quot;:&quot;expanded&quot;,&quot;max_items_expended&quot;:&quot;one&quot;,&quot;n_accordion_animation_duration&quot;:{&quot;unit&quot;:&quot;ms&quot;,&quot;size&quot;:400,&quot;sizes&quot;:[]}}\" data-widget_type=\"nested-accordion.default\">\n\t\t\t\t<div class=\"elementor-widget-container\">\n\t\t\t\t\t\t\t<div class=\"e-n-accordion\" aria-label=\"Accordion. Open links with Enter or Space, close with Escape, and navigate with Arrow Keys\">\n\t\t\t\t\t\t<details id=\"e-n-accordion-item-3450\" class=\"e-n-accordion-item\" open>\n\t\t\t\t<summary class=\"e-n-accordion-item-title\" data-accordion-index=\"1\" tabindex=\"0\" aria-expanded=\"true\" aria-controls=\"e-n-accordion-item-3450\" >\n\t\t\t\t\t<span class='e-n-accordion-item-title-header'><div class=\"e-n-accordion-item-title-text\"> Personas F\u00edsicas <\/div><\/span>\n\t\t\t\t\t\t\t<span class='e-n-accordion-item-title-icon'>\n\t\t\t<span class='e-opened' ><svg aria-hidden=\"true\" class=\"e-font-icon-svg e-fas-minus\" viewBox=\"0 0 448 512\" xmlns=\"http:\/\/www.w3.org\/2000\/svg\"><path d=\"M416 208H32c-17.67 0-32 14.33-32 32v32c0 17.67 14.33 32 32 32h384c17.67 0 32-14.33 32-32v-32c0-17.67-14.33-32-32-32z\"><\/path><\/svg><\/span>\n\t\t\t<span class='e-closed'><svg aria-hidden=\"true\" class=\"e-font-icon-svg e-fas-plus\" viewBox=\"0 0 448 512\" xmlns=\"http:\/\/www.w3.org\/2000\/svg\"><path d=\"M416 208H272V64c0-17.67-14.33-32-32-32h-32c-17.67 0-32 14.33-32 32v144H32c-17.67 0-32 14.33-32 32v32c0 17.67 14.33 32 32 32h144v144c0 17.67 14.33 32 32 32h32c17.67 0 32-14.33 32-32V304h144c17.67 0 32-14.33 32-32v-32c0-17.67-14.33-32-32-32z\"><\/path><\/svg><\/span>\n\t\t<\/span>\n\n\t\t\t\t\t\t<\/summary>\n\t\t\t\t<div role=\"region\" aria-labelledby=\"e-n-accordion-item-3450\" class=\"elementor-element elementor-element-1997a00 e-con-full e-flex wpr-particle-no wpr-jarallax-no wpr-parallax-no wpr-sticky-section-no e-con e-child\" data-id=\"1997a00\" data-element_type=\"container\">\n\t\t<div role=\"region\" aria-labelledby=\"e-n-accordion-item-3450\" class=\"elementor-element elementor-element-b685488 e-flex e-con-boxed wpr-particle-no wpr-jarallax-no wpr-parallax-no wpr-sticky-section-no e-con e-child\" data-id=\"b685488\" data-element_type=\"container\">\n\t\t\t\t\t<div class=\"e-con-inner\">\n\t\t\t\t<div class=\"elementor-element elementor-element-3e50fb5 jltma-glass-effect-no elementor-widget elementor-widget-text-editor\" data-id=\"3e50fb5\" data-element_type=\"widget\" data-widget_type=\"text-editor.default\">\n\t\t\t\t<div class=\"elementor-widget-container\">\n\t\t\t\t\t\t\t\t\t<div id=\"ToolBar\"><div id=\"TBSeccion1\"><p><b>\u2022 Solicitud de cr\u00e9dito<\/b><br \/>Requisitada en su totalidad y firmada en original por el solicitante.<\/p><\/div><div id=\"TBSeccio2\"><p><b>\u2022 Autorizaci\u00f3n para consultar historial crediticio en Buro de Cr\u00e9dito<\/b>\u00a0\u00b9<\/p><p><b>\u2022 Identificaci\u00f3n oficial del solicitante<\/b><br \/>Credencial de elector vigente o pasaporte acompa\u00f1ado de licencia de conducir. Si es extranjero, formato migratorio completo y pasaporte, vigentes.<\/p><p><b>\u2022 Comprobante de Domicilio del Solicitante<\/b><br \/>Recibo telef\u00f3nico residencial fijo, o telefon\u00eda m\u00f3vil acompa\u00f1ado de recibo de luz, agua o predial; con la misma direcci\u00f3n de su solicitud y de su Constancia Fiscal en caso de PFAE\u00b2. No mayor a 2 meses de antig\u00fcedad.<\/p><p><b>\u2022 Comprobante de ingresos:<\/b><\/p><div><p>\u2022 Asalariado: Recibos de n\u00f3mina del \u00faltimo mes.<br \/>\u2022 PFAE\u00b2: Estados de cuenta bancarios de los \u00faltimos 3 meses.<\/p><\/div><p>\u00a0<\/p><p>\u2022 PFAE\u00b2\u00a0<b>Constancia de Situaci\u00f3n Fiscal, no mayor a 3 meses.<\/b><br \/>Impresa a trav\u00e9s de SAT, con cadena y sello digital.<\/p><p>\u2022 PFAE\u00b2:\u00a0<b>Ultima declaraci\u00f3n del ejercicio inmediato anterior<\/b>.<br \/>con cadena y sello digital del SAT.<\/p><p><b>\u2022 Aval Mexicano.<\/b><br \/>S\u00f3lo si es cliente extranjero.<\/p><p>\u00a0<\/p><\/div><div id=\"TBSeccio3\"><p>\u00b9Atrav\u00e9s de la firma en la solicitud de cr\u00e9dito<br \/>\u00b2PFAE: Persona F\u00edsica con Actividad Empresarial<br \/>* En caso de requerir Aval, Obligado Solidario y\/o Co-acreditado, se requieren los mismos requisitos que para Persona F\u00edsica, a excepci\u00f3n del comprobante de ingresos, este se solicita a consideraci\u00f3n del analista de cr\u00e9dito.<br \/>* Sujeto a aprobaci\u00f3n de cr\u00e9dito.<\/p><\/div><\/div><div id=\"Container\">\u00a0<\/div><div id=\"Footer\">\u00a0<\/div>\t\t\t\t\t\t\t\t<\/div>\n\t\t\t\t<\/div>\n\t\t\t\t\t<\/div>\n\t\t\t\t<\/div>\n\t\t\t\t<\/div>\n\t\t\t\t\t<\/details>\n\t\t\t\t\t\t<details id=\"e-n-accordion-item-3451\" class=\"e-n-accordion-item\" >\n\t\t\t\t<summary class=\"e-n-accordion-item-title\" data-accordion-index=\"2\" tabindex=\"-1\" aria-expanded=\"false\" aria-controls=\"e-n-accordion-item-3451\" >\n\t\t\t\t\t<span class='e-n-accordion-item-title-header'><div class=\"e-n-accordion-item-title-text\"> Personas Morales <\/div><\/span>\n\t\t\t\t\t\t\t<span class='e-n-accordion-item-title-icon'>\n\t\t\t<span class='e-opened' ><svg aria-hidden=\"true\" class=\"e-font-icon-svg e-fas-minus\" viewBox=\"0 0 448 512\" xmlns=\"http:\/\/www.w3.org\/2000\/svg\"><path d=\"M416 208H32c-17.67 0-32 14.33-32 32v32c0 17.67 14.33 32 32 32h384c17.67 0 32-14.33 32-32v-32c0-17.67-14.33-32-32-32z\"><\/path><\/svg><\/span>\n\t\t\t<span class='e-closed'><svg aria-hidden=\"true\" class=\"e-font-icon-svg e-fas-plus\" viewBox=\"0 0 448 512\" xmlns=\"http:\/\/www.w3.org\/2000\/svg\"><path d=\"M416 208H272V64c0-17.67-14.33-32-32-32h-32c-17.67 0-32 14.33-32 32v144H32c-17.67 0-32 14.33-32 32v32c0 17.67 14.33 32 32 32h144v144c0 17.67 14.33 32 32 32h32c17.67 0 32-14.33 32-32V304h144c17.67 0 32-14.33 32-32v-32c0-17.67-14.33-32-32-32z\"><\/path><\/svg><\/span>\n\t\t<\/span>\n\n\t\t\t\t\t\t<\/summary>\n\t\t\t\t<div role=\"region\" aria-labelledby=\"e-n-accordion-item-3451\" class=\"elementor-element elementor-element-436abef e-con-full e-flex wpr-particle-no wpr-jarallax-no wpr-parallax-no wpr-sticky-section-no e-con e-child\" data-id=\"436abef\" data-element_type=\"container\">\n\t\t<div role=\"region\" aria-labelledby=\"e-n-accordion-item-3451\" class=\"elementor-element elementor-element-bebf4f2 e-flex e-con-boxed wpr-particle-no wpr-jarallax-no wpr-parallax-no wpr-sticky-section-no e-con e-child\" data-id=\"bebf4f2\" data-element_type=\"container\">\n\t\t\t\t\t<div class=\"e-con-inner\">\n\t\t\t\t<div class=\"elementor-element elementor-element-818997e jltma-glass-effect-no elementor-widget elementor-widget-text-editor\" data-id=\"818997e\" data-element_type=\"widget\" data-widget_type=\"text-editor.default\">\n\t\t\t\t<div class=\"elementor-widget-container\">\n\t\t\t\t\t\t\t\t\t<div id=\"TBSeccion1\"><p><b>\u2022 Solicitud de cr\u00e9dito<\/b><br \/>Requisitada en su totalidad y firmada en original por el Representante Legal.<\/p><\/div><div id=\"TBSeccio2\"><p><b>\u2022 Autorizaci\u00f3n para consultar historial crediticio en Buro de Cr\u00e9dito\u00a0<\/b>\u00b9<\/p><p><b>\u2022 Identificaci\u00f3n oficial del Representante Legal, y en su caso, del aval.<\/b><br \/>Credencial de elector vigente o pasaporte acompa\u00f1ado de licencia de conducir. Si es extrangero, formato migratorio completo y pasaporte, vigentes.<\/p><p><b>\u2022 Comprobante de domicilio<\/b><br \/>Recibo telef\u00f3nico comercial fijo, con la misma direcci\u00f3n de su solicitud y de su Constancia F\u00edscal. No mayor a 2 meses de antig\u00fcedad.<\/p><p><b>\u2022 Constancia de Situaci\u00f3n Fiscal impresa, no mayor a 3 meses, a trav\u00e9s de la p\u00e1gina del SAT, con cadena y sello digital del SAT<\/b><\/p><p><b>\u2022 Estados Financieros<\/b><br \/>Del \u00faltimo ejercicio (dictaminados, en su caso), y parcial m\u00e1s reciente del a\u00f1o en curso.<\/p><p><b>\u2022 Ultima declaraci\u00f3n anual del ejercicio inmediato anterior.<\/b><br \/>con cadena y sello digital del SAT<\/p><p><b>\u2022 Estados de cuenta bancarios<\/b><br \/>En formato domiciliado a nombre de la empresa de los \u00faltimos 3 meses , con todas sus hojas.<\/p><p><b>\u2022 Copia de acta constitutiva<\/b><br \/>y reformas, incluyendo cualquier modificaci\u00f3n a capital; con informaci\u00f3n y datos de inscripci\u00f3n en el RPPC.<\/p><p><b>\u2022 Antig\u00fcedad m\u00ednima 2 a\u00f1os<\/b><br \/>Las empresas deben de contar con una antig\u00fcedad m\u00ednima operando en el mercado de dos a\u00f1os<\/p><p><b>\u2022 Pasaporte y forma migratoria<\/b><br \/>En caso de que el representante legal sea extranjero, presentar pasaporte y forma migratoria completa y vigentes<\/p><p><b>\u2022 Poderes del Representante Legal<\/b><br \/>Los poderes necesarios que debe contar el representante legal son los siguientes:poder general para pleitos y cobranza, actos de administraci\u00f3n, poder cambiario (t\u00edtulos de cr\u00e9dito) y actos de dominio.<\/p><p><b>\u2022 Aval Persona F\u00edsica:<\/b><br \/>\u2022 Solicitud de cr\u00e9dito de aval de Persona Moral requisitada en su totalidad y firmada en original por el aval.<br \/>\u2022 Autorizaci\u00f3n para consultar historial crediticio en Buro de Cr\u00e9dito. \u00b9<br \/>\u2022 Credencial de elector vigente o pasaporte acompa\u00f1ado de licencia de conducir.<br \/>\u2022 Comprobante de domicilio (Recibo telef\u00f3nico comercial fijo o telefon\u00eda movil acompa\u00f1ado de recibo de luz, agua o predial; con la misma direcci\u00f3n de su solicitud. No mayor a 2 meses de antig\u00fcedad.<br \/>\u2022 El aval deber\u00e1 ser mexicano y accionista, de preferencia el mayoritario.<\/p><p>\u00a0<\/p><\/div><div id=\"TBSeccio3\"><p>\u00b9A trav\u00e9s de la firma en la solicitud de cr\u00e9dito<\/p><\/div>\t\t\t\t\t\t\t\t<\/div>\n\t\t\t\t<\/div>\n\t\t\t\t\t<\/div>\n\t\t\t\t<\/div>\n\t\t\t\t<\/div>\n\t\t\t\t\t<\/details>\n\t\t\t\t\t<\/div>\n\t\t\t\t\t\t<\/div>\n\t\t\t\t<\/div>\n\t\t\t\t\t<\/div>\n\t\t\t\t<\/div>\n\t\t\t\t<\/div>\n\t\t","protected":false},"excerpt":{"rendered":"<p>REQUISITOS: Personas F\u00edsicas \u2022 Solicitud de cr\u00e9ditoRequisitada en su totalidad y firmada en original por el solicitante. \u2022 Autorizaci\u00f3n para consultar historial crediticio en Buro de Cr\u00e9dito\u00a0\u00b9 \u2022 Identificaci\u00f3n oficial del solicitanteCredencial de elector vigente o pasaporte acompa\u00f1ado de licencia de conducir. Si es extranjero, formato migratorio completo y pasaporte, vigentes. \u2022 Comprobante de Domicilio del SolicitanteRecibo telef\u00f3nico residencial fijo, o telefon\u00eda m\u00f3vil acompa\u00f1ado de recibo de luz, agua o predial; con la misma direcci\u00f3n de su solicitud y de su Constancia Fiscal en caso de PFAE\u00b2. No mayor a 2 meses de antig\u00fcedad. \u2022 Comprobante de ingresos: \u2022 Asalariado: Recibos de n\u00f3mina del \u00faltimo mes.\u2022 PFAE\u00b2: Estados de cuenta bancarios de los \u00faltimos 3 meses. \u00a0 \u2022 PFAE\u00b2\u00a0Constancia de Situaci\u00f3n Fiscal, no mayor a 3 meses.Impresa a trav\u00e9s de SAT, con cadena y sello digital. \u2022 PFAE\u00b2:\u00a0Ultima declaraci\u00f3n del ejercicio inmediato anterior.con cadena y sello digital del SAT. \u2022 Aval Mexicano.S\u00f3lo si es cliente extranjero. \u00a0 \u00b9Atrav\u00e9s de la firma en la solicitud de cr\u00e9dito\u00b2PFAE: Persona F\u00edsica con Actividad Empresarial* En caso de requerir Aval, Obligado Solidario y\/o Co-acreditado, se requieren los mismos requisitos que para Persona F\u00edsica, a excepci\u00f3n del comprobante de ingresos, este se solicita a consideraci\u00f3n del analista de cr\u00e9dito.* Sujeto a aprobaci\u00f3n de cr\u00e9dito. \u00a0\u00a0 Personas Morales \u2022 Solicitud de cr\u00e9ditoRequisitada en su totalidad y firmada en original por el Representante Legal. \u2022 Autorizaci\u00f3n para consultar historial crediticio en Buro de Cr\u00e9dito\u00a0\u00b9 \u2022 Identificaci\u00f3n oficial del Representante Legal, y en su caso, del aval.Credencial de elector vigente o pasaporte acompa\u00f1ado de licencia de conducir. Si es extrangero, formato migratorio completo y pasaporte, vigentes. \u2022 Comprobante de domicilioRecibo telef\u00f3nico comercial fijo, con la misma direcci\u00f3n de su solicitud y de su Constancia F\u00edscal. No mayor a 2 meses de antig\u00fcedad. \u2022 Constancia de Situaci\u00f3n Fiscal impresa, no mayor a 3 meses, a trav\u00e9s de la p\u00e1gina del SAT, con cadena y sello digital del SAT \u2022 Estados FinancierosDel \u00faltimo ejercicio (dictaminados, en su caso), y parcial m\u00e1s reciente del a\u00f1o en curso. \u2022 Ultima declaraci\u00f3n anual del ejercicio inmediato anterior.con cadena y sello digital del SAT \u2022 Estados de cuenta bancariosEn formato domiciliado a nombre de la empresa de los \u00faltimos 3 meses , con todas sus hojas. \u2022 Copia de acta constitutivay reformas, incluyendo cualquier modificaci\u00f3n a capital; con informaci\u00f3n y datos de inscripci\u00f3n en el RPPC. \u2022 Antig\u00fcedad m\u00ednima 2 a\u00f1osLas empresas deben de contar con una antig\u00fcedad m\u00ednima operando en el mercado de dos a\u00f1os \u2022 Pasaporte y forma migratoriaEn caso de que el representante legal sea extranjero, presentar pasaporte y forma migratoria completa y vigentes \u2022 Poderes del Representante LegalLos poderes necesarios que debe contar el representante legal son los siguientes:poder general para pleitos y cobranza, actos de administraci\u00f3n, poder cambiario (t\u00edtulos de cr\u00e9dito) y actos de dominio. \u2022 Aval Persona F\u00edsica:\u2022 Solicitud de cr\u00e9dito de aval de Persona Moral requisitada en su totalidad y firmada en original por el aval.\u2022 Autorizaci\u00f3n para consultar historial crediticio en Buro de Cr\u00e9dito. \u00b9\u2022 Credencial de elector vigente o pasaporte acompa\u00f1ado de licencia de conducir.\u2022 Comprobante de domicilio (Recibo telef\u00f3nico comercial fijo o telefon\u00eda movil acompa\u00f1ado de recibo de luz, agua o predial; con la misma direcci\u00f3n de su solicitud. No mayor a 2 meses de antig\u00fcedad.\u2022 El aval deber\u00e1 ser mexicano y accionista, de preferencia el mayoritario. \u00a0 \u00b9A trav\u00e9s de la firma en la solicitud de cr\u00e9dito \u2022 Solicitud de cr\u00e9ditoRequisitada en su totalidad y firmada en original por el solicitante. \u2022 Autorizaci\u00f3n para consultar historial crediticio en Buro de Cr\u00e9dito\u00a0\u00b9 \u2022 Identificaci\u00f3n oficial del solicitanteCredencial de elector vigente o pasaporte acompa\u00f1ado de licencia de conducir. Si es extranjero, formato migratorio completo y pasaporte, vigentes. \u2022 Comprobante de Domicilio del SolicitanteRecibo telef\u00f3nico residencial fijo, o telefon\u00eda m\u00f3vil acompa\u00f1ado de recibo de luz, agua o predial; con la misma direcci\u00f3n de su solicitud y de su Constancia Fiscal en caso de PFAE\u00b2. No mayor a 2 meses de antig\u00fcedad. \u2022 Comprobante de ingresos: \u2022 Asalariado: Recibos de n\u00f3mina del \u00faltimo mes.\u2022 PFAE\u00b2: Estados de cuenta bancarios de los \u00faltimos 3 meses. \u00a0 \u2022 PFAE\u00b2\u00a0Constancia de Situaci\u00f3n Fiscal, no mayor a 3 meses.Impresa a trav\u00e9s de SAT, con cadena y sello digital. \u2022 PFAE\u00b2:\u00a0Ultima declaraci\u00f3n del ejercicio inmediato anterior.con cadena y sello digital del SAT. \u2022 Aval Mexicano.S\u00f3lo si es cliente extranjero. \u00a0 \u00b9Atrav\u00e9s de la firma en la solicitud de cr\u00e9dito\u00b2PFAE: Persona F\u00edsica con Actividad Empresarial* En caso de requerir Aval, Obligado Solidario y\/o Co-acreditado, se requieren los mismos requisitos que para Persona F\u00edsica, a excepci\u00f3n del comprobante de ingresos, este se solicita a consideraci\u00f3n del analista de cr\u00e9dito.* Sujeto a aprobaci\u00f3n de cr\u00e9dito. \u00a0\u00a0 \u2022 Solicitud de cr\u00e9ditoRequisitada en su totalidad y firmada en original por el Representante Legal. \u2022 Autorizaci\u00f3n para consultar historial crediticio en Buro de Cr\u00e9dito\u00a0\u00b9 \u2022 Identificaci\u00f3n oficial del Representante Legal, y en su caso, del aval.Credencial de elector vigente o pasaporte acompa\u00f1ado de licencia de conducir. Si es extrangero, formato migratorio completo y pasaporte, vigentes. \u2022 Comprobante de domicilioRecibo telef\u00f3nico comercial fijo, con la misma direcci\u00f3n de su solicitud y de su Constancia F\u00edscal. No mayor a 2 meses de antig\u00fcedad. \u2022 Constancia de Situaci\u00f3n Fiscal impresa, no mayor a 3 meses, a trav\u00e9s de la p\u00e1gina del SAT, con cadena y sello digital del SAT \u2022 Estados FinancierosDel \u00faltimo ejercicio (dictaminados, en su caso), y parcial m\u00e1s reciente del a\u00f1o en curso. \u2022 Ultima declaraci\u00f3n anual del ejercicio inmediato anterior.con cadena y sello digital del SAT \u2022 Estados de cuenta bancariosEn formato domiciliado a nombre de la empresa de los \u00faltimos 3 meses , con todas sus hojas. \u2022 Copia de acta constitutivay reformas, incluyendo cualquier modificaci\u00f3n a capital; con informaci\u00f3n y datos de inscripci\u00f3n en el RPPC. \u2022 Antig\u00fcedad m\u00ednima 2 a\u00f1osLas empresas deben de contar con una antig\u00fcedad m\u00ednima operando en el mercado de dos a\u00f1os \u2022 Pasaporte y forma migratoriaEn caso de que el representante legal sea extranjero, presentar pasaporte y forma migratoria completa y vigentes \u2022 Poderes del Representante LegalLos poderes necesarios<\/p>\n","protected":false},"author":1,"featured_media":0,"parent":0,"menu_order":0,"comment_status":"closed","ping_status":"closed","template":"","meta":{"footnotes":""},"class_list":["post-353","page","type-page","status-publish","hentry"],"_links":{"self":[{"href":"https:\/\/karyverse.com\/index.php\/wp-json\/wp\/v2\/pages\/353","targetHints":{"allow":["GET"]}}],"collection":[{"href":"https:\/\/karyverse.com\/index.php\/wp-json\/wp\/v2\/pages"}],"about":[{"href":"https:\/\/karyverse.com\/index.php\/wp-json\/wp\/v2\/types\/page"}],"author":[{"embeddable":true,"href":"https:\/\/karyverse.com\/index.php\/wp-json\/wp\/v2\/users\/1"}],"replies":[{"embeddable":true,"href":"https:\/\/karyverse.com\/index.php\/wp-json\/wp\/v2\/comments?post=353"}],"version-history":[{"count":4,"href":"https:\/\/karyverse.com\/index.php\/wp-json\/wp\/v2\/pages\/353\/revisions"}],"predecessor-version":[{"id":357,"href":"https:\/\/karyverse.com\/index.php\/wp-json\/wp\/v2\/pages\/353\/revisions\/357"}],"wp:attachment":[{"href":"https:\/\/karyverse.com\/index.php\/wp-json\/wp\/v2\/media?parent=353"}],"curies":[{"name":"wp","href":"https:\/\/api.w.org\/{rel}","templated":true}]}}