{"id":363,"date":"2025-10-20T03:29:09","date_gmt":"2025-10-20T03:29:09","guid":{"rendered":"https:\/\/karyverse.com\/?page_id=363"},"modified":"2025-10-20T03:31:00","modified_gmt":"2025-10-20T03:31:00","slug":"modalida-de-contratacion-2","status":"publish","type":"page","link":"https:\/\/karyverse.com\/index.php\/modalida-de-contratacion-2\/","title":{"rendered":"MODALIDA DE CONTRATACI\u00d3N"},"content":{"rendered":"\t\t<div data-elementor-type=\"wp-page\" data-elementor-id=\"363\" class=\"elementor elementor-363\">\n\t\t\t\t<div class=\"elementor-element elementor-element-7d127a3 e-flex e-con-boxed wpr-particle-no wpr-jarallax-no wpr-parallax-no wpr-sticky-section-no e-con e-parent\" data-id=\"7d127a3\" data-element_type=\"container\">\n\t\t\t\t\t<div class=\"e-con-inner\">\n\t\t\t\t<div class=\"elementor-element elementor-element-11c7058 jltma-glass-effect-no elementor-widget elementor-widget-heading\" data-id=\"11c7058\" data-element_type=\"widget\" data-widget_type=\"heading.default\">\n\t\t\t\t<div class=\"elementor-widget-container\">\n\t\t\t\t\t<h2 class=\"elementor-heading-title elementor-size-default\">PRODUCTOS O SERVICIOS ADICIONALES RELACIONADOS:<\/h2>\t\t\t\t<\/div>\n\t\t\t\t<\/div>\n\t\t\t\t<div class=\"elementor-element elementor-element-c7593a7 jltma-glass-effect-no elementor-widget elementor-widget-text-editor\" data-id=\"c7593a7\" data-element_type=\"widget\" data-widget_type=\"text-editor.default\">\n\t\t\t\t<div class=\"elementor-widget-container\">\n\t\t\t\t\t\t\t\t\t<p>Es obligatorio que el acreditado contrate durante la vigencia del cr\u00e9dito , los siguientes seguros:<br \/><br \/>a) SEGURO SOBRE EL VEH\u00cdCULO\u00b9: con cobertura amplia que cumpla, cuando menos, con las siguientes caracter\u00edsticas:<br \/>\u2022 vigencia multianual equivalente al plazo del cr\u00e9dito.<br \/>\u2022 cobertura por da\u00f1os materiales y\/o robo total del veh\u00edculo hasta por una cantidad equivalente al valor de la factura del veh\u00edculo o al valor de la cobertura de reposici\u00f3n del veh\u00edculo durante el primer a\u00f1o del veh\u00edculo contado a partir de la fecha de adquisici\u00f3n del mismo por parte del acreditado; o cobertura por da\u00f1os materiales y\/o robo total del veh\u00edculo hasta por una cantidad equivalente al valor comercial del veh\u00edculo durante los a\u00f1os posteriores.<br \/>\u2022 cobertura por responsabilidad civil que cubra cualquier gasto m\u00e9dico de los ocupantes del veh\u00edculo, con asistencia legal.<br \/><br \/>b) Cualquier otro seguro, que el acreditado se encuentre obligado a contratar de conformidad con la legislaci\u00f3n aplicable.<br \/><br \/>\u00b9Podr\u00e1 contratar directamente las p\u00f3lizas de seguro con la compa\u00f1\u00eda aseguradora de su preferencia, pudiendo optar sin estar obligado a ello, por la compa\u00f1\u00eda aseguradora sugerida.<\/p>\t\t\t\t\t\t\t\t<\/div>\n\t\t\t\t<\/div>\n\t\t\t\t\t<\/div>\n\t\t\t\t<\/div>\n\t\t\t\t<\/div>\n\t\t","protected":false},"excerpt":{"rendered":"<p>PRODUCTOS O SERVICIOS ADICIONALES RELACIONADOS: Es obligatorio que el acreditado contrate durante la vigencia del cr\u00e9dito , los siguientes seguros: a) SEGURO SOBRE EL VEH\u00cdCULO\u00b9: con cobertura amplia que cumpla, cuando menos, con las siguientes caracter\u00edsticas:\u2022 vigencia multianual equivalente al plazo del cr\u00e9dito.\u2022 cobertura por da\u00f1os materiales y\/o robo total del veh\u00edculo hasta por una cantidad equivalente al valor de la factura del veh\u00edculo o al valor de la cobertura de reposici\u00f3n del veh\u00edculo durante el primer a\u00f1o del veh\u00edculo contado a partir de la fecha de adquisici\u00f3n del mismo por parte del acreditado; o cobertura por da\u00f1os materiales y\/o robo total del veh\u00edculo hasta por una cantidad equivalente al valor comercial del veh\u00edculo durante los a\u00f1os posteriores.\u2022 cobertura por responsabilidad civil que cubra cualquier gasto m\u00e9dico de los ocupantes del veh\u00edculo, con asistencia legal. b) Cualquier otro seguro, que el acreditado se encuentre obligado a contratar de conformidad con la legislaci\u00f3n aplicable. \u00b9Podr\u00e1 contratar directamente las p\u00f3lizas de seguro con la compa\u00f1\u00eda aseguradora de su preferencia, pudiendo optar sin estar obligado a ello, por la compa\u00f1\u00eda aseguradora sugerida.<\/p>\n","protected":false},"author":1,"featured_media":0,"parent":0,"menu_order":0,"comment_status":"closed","ping_status":"closed","template":"","meta":{"footnotes":""},"class_list":["post-363","page","type-page","status-publish","hentry"],"_links":{"self":[{"href":"https:\/\/karyverse.com\/index.php\/wp-json\/wp\/v2\/pages\/363","targetHints":{"allow":["GET"]}}],"collection":[{"href":"https:\/\/karyverse.com\/index.php\/wp-json\/wp\/v2\/pages"}],"about":[{"href":"https:\/\/karyverse.com\/index.php\/wp-json\/wp\/v2\/types\/page"}],"author":[{"embeddable":true,"href":"https:\/\/karyverse.com\/index.php\/wp-json\/wp\/v2\/users\/1"}],"replies":[{"embeddable":true,"href":"https:\/\/karyverse.com\/index.php\/wp-json\/wp\/v2\/comments?post=363"}],"version-history":[{"count":4,"href":"https:\/\/karyverse.com\/index.php\/wp-json\/wp\/v2\/pages\/363\/revisions"}],"predecessor-version":[{"id":367,"href":"https:\/\/karyverse.com\/index.php\/wp-json\/wp\/v2\/pages\/363\/revisions\/367"}],"wp:attachment":[{"href":"https:\/\/karyverse.com\/index.php\/wp-json\/wp\/v2\/media?parent=363"}],"curies":[{"name":"wp","href":"https:\/\/api.w.org\/{rel}","templated":true}]}}