{"id":368,"date":"2025-10-20T03:32:32","date_gmt":"2025-10-20T03:32:32","guid":{"rendered":"https:\/\/karyverse.com\/?page_id=368"},"modified":"2025-10-20T03:33:38","modified_gmt":"2025-10-20T03:33:38","slug":"recomendaciones","status":"publish","type":"page","link":"https:\/\/karyverse.com\/index.php\/recomendaciones\/","title":{"rendered":"RECOMENDACIONES"},"content":{"rendered":"\t\t<div data-elementor-type=\"wp-page\" data-elementor-id=\"368\" class=\"elementor elementor-368\">\n\t\t\t\t<div class=\"elementor-element elementor-element-36f7090 e-flex e-con-boxed wpr-particle-no wpr-jarallax-no wpr-parallax-no wpr-sticky-section-no e-con e-parent\" data-id=\"36f7090\" data-element_type=\"container\">\n\t\t\t\t\t<div class=\"e-con-inner\">\n\t\t\t\t<div class=\"elementor-element elementor-element-08c6421 jltma-glass-effect-no elementor-widget elementor-widget-heading\" data-id=\"08c6421\" data-element_type=\"widget\" data-widget_type=\"heading.default\">\n\t\t\t\t<div class=\"elementor-widget-container\">\n\t\t\t\t\t<h2 class=\"elementor-heading-title elementor-size-default\">RECOMENDACIONES:<\/h2>\t\t\t\t<\/div>\n\t\t\t\t<\/div>\n\t\t\t\t<div class=\"elementor-element elementor-element-67e387e jltma-glass-effect-no elementor-widget elementor-widget-text-editor\" data-id=\"67e387e\" data-element_type=\"widget\" data-widget_type=\"text-editor.default\">\n\t\t\t\t<div class=\"elementor-widget-container\">\n\t\t\t\t\t\t\t\t\t<p>\u2022 Al contratar\u00a0no olvide leer con atenci\u00f3n el contenido de su contrato para conocer los derechos y obligaciones a los que estar\u00e1 sujeto y verificar el contenido de las cl\u00e1usulas m\u00e1s relevantes, asi como las condiciones del cr\u00e9dito adquirido:<br \/><br \/>\u00a0\u00a0\u00a0\u00a0\u00a0\u2022 Conceptos y periodicidad de las comisiones.<br \/>\u00a0\u00a0\u00a0\u00a0\u00a0\u2022 Penalidades.<br \/>\u00a0\u00a0\u00a0\u00a0\u00a0\u2022 Medios y formas de pago.<br \/>\u00a0\u00a0\u00a0\u00a0\u00a0\u2022 Aviso de privacidad en relaci\u00f3n al intercambio de datos personales y cargos autom\u00e1ticos a su cuenta bancaria.<br \/><br \/>\u2022 Adquirir deudas en exceso a su capacidad de pago puede afectar su patrimonio y su historial crediticio.<br \/>\u2022 El aval u obligado solidario, responder\u00e1 como obligado principal.<br \/>\u2022 Pagar puntualmente le permitir\u00e1 mantener un historial crediticio satisfactorio.<br \/>\u2022 Incumplir sus obligaciones le puede generar comisiones y penalizaci\u00f3n \u2013 gastos de cobranza.<\/p>\t\t\t\t\t\t\t\t<\/div>\n\t\t\t\t<\/div>\n\t\t\t\t\t<\/div>\n\t\t\t\t<\/div>\n\t\t\t\t<\/div>\n\t\t","protected":false},"excerpt":{"rendered":"<p>RECOMENDACIONES: \u2022 Al contratar\u00a0no olvide leer con atenci\u00f3n el contenido de su contrato para conocer los derechos y obligaciones a los que estar\u00e1 sujeto y verificar el contenido de las cl\u00e1usulas m\u00e1s relevantes, asi como las condiciones del cr\u00e9dito adquirido: \u00a0\u00a0\u00a0\u00a0\u00a0\u2022 Conceptos y periodicidad de las comisiones.\u00a0\u00a0\u00a0\u00a0\u00a0\u2022 Penalidades.\u00a0\u00a0\u00a0\u00a0\u00a0\u2022 Medios y formas de pago.\u00a0\u00a0\u00a0\u00a0\u00a0\u2022 Aviso de privacidad en relaci\u00f3n al intercambio de datos personales y cargos autom\u00e1ticos a su cuenta bancaria. \u2022 Adquirir deudas en exceso a su capacidad de pago puede afectar su patrimonio y su historial crediticio.\u2022 El aval u obligado solidario, responder\u00e1 como obligado principal.\u2022 Pagar puntualmente le permitir\u00e1 mantener un historial crediticio satisfactorio.\u2022 Incumplir sus obligaciones le puede generar comisiones y penalizaci\u00f3n \u2013 gastos de cobranza.<\/p>\n","protected":false},"author":1,"featured_media":0,"parent":0,"menu_order":0,"comment_status":"closed","ping_status":"closed","template":"","meta":{"footnotes":""},"class_list":["post-368","page","type-page","status-publish","hentry"],"_links":{"self":[{"href":"https:\/\/karyverse.com\/index.php\/wp-json\/wp\/v2\/pages\/368","targetHints":{"allow":["GET"]}}],"collection":[{"href":"https:\/\/karyverse.com\/index.php\/wp-json\/wp\/v2\/pages"}],"about":[{"href":"https:\/\/karyverse.com\/index.php\/wp-json\/wp\/v2\/types\/page"}],"author":[{"embeddable":true,"href":"https:\/\/karyverse.com\/index.php\/wp-json\/wp\/v2\/users\/1"}],"replies":[{"embeddable":true,"href":"https:\/\/karyverse.com\/index.php\/wp-json\/wp\/v2\/comments?post=368"}],"version-history":[{"count":4,"href":"https:\/\/karyverse.com\/index.php\/wp-json\/wp\/v2\/pages\/368\/revisions"}],"predecessor-version":[{"id":372,"href":"https:\/\/karyverse.com\/index.php\/wp-json\/wp\/v2\/pages\/368\/revisions\/372"}],"wp:attachment":[{"href":"https:\/\/karyverse.com\/index.php\/wp-json\/wp\/v2\/media?parent=368"}],"curies":[{"name":"wp","href":"https:\/\/api.w.org\/{rel}","templated":true}]}}